{"id":11,"date":"2020-04-13T13:30:10","date_gmt":"2020-04-13T13:30:10","guid":{"rendered":"http:\/\/erstertest.cafe-rosenbach.de\/?page_id=11"},"modified":"2020-05-24T19:58:42","modified_gmt":"2020-05-24T17:58:42","slug":"umgebung","status":"publish","type":"page","link":"http:\/\/www.cafe-rosenbach.de\/?page_id=11","title":{"rendered":"Umgebung"},"content":{"rendered":"\t\t<div data-elementor-type=\"wp-page\" data-elementor-id=\"11\" class=\"elementor elementor-11\" data-elementor-settings=\"[]\">\n\t\t\t\t\t\t<div class=\"elementor-inner\">\n\t\t\t\t\t\t\t<div class=\"elementor-section-wrap\">\n\t\t\t\t\t\t\t<section class=\"elementor-section elementor-top-section elementor-element elementor-element-de4af00 elementor-section-boxed elementor-section-height-default elementor-section-height-default\" data-id=\"de4af00\" data-element_type=\"section\" data-settings=\"{&quot;background_background&quot;:&quot;classic&quot;}\">\n\t\t\t\t\t\t\t<div class=\"elementor-background-overlay\"><\/div>\n\t\t\t\t\t\t\t<div class=\"elementor-container elementor-column-gap-default\">\n\t\t\t\t\t\t\t<div class=\"elementor-row\">\n\t\t\t\t\t<div class=\"elementor-column elementor-col-100 elementor-top-column elementor-element elementor-element-8a59635\" data-id=\"8a59635\" data-element_type=\"column\">\n\t\t\t<div class=\"elementor-column-wrap elementor-element-populated\">\n\t\t\t\t\t\t\t<div class=\"elementor-widget-wrap\">\n\t\t\t\t\t\t<section class=\"elementor-section elementor-inner-section elementor-element elementor-element-861c19b elementor-section-full_width elementor-section-height-default elementor-section-height-default\" data-id=\"861c19b\" data-element_type=\"section\">\n\t\t\t\t\t\t\t<div class=\"elementor-background-overlay\"><\/div>\n\t\t\t\t\t\t\t<div class=\"elementor-container elementor-column-gap-default\">\n\t\t\t\t\t\t\t<div class=\"elementor-row\">\n\t\t\t\t\t<div class=\"elementor-column elementor-col-50 elementor-inner-column elementor-element elementor-element-50acd3b\" data-id=\"50acd3b\" data-element_type=\"column\">\n\t\t\t<div class=\"elementor-column-wrap elementor-element-populated\">\n\t\t\t\t\t\t\t<div class=\"elementor-widget-wrap\">\n\t\t\t\t\t\t<div class=\"elementor-element elementor-element-78400a9 elementor-widget elementor-widget-heading\" data-id=\"78400a9\" data-element_type=\"widget\" data-widget_type=\"heading.default\">\n\t\t\t\t<div class=\"elementor-widget-container\">\n\t\t\t<h2 class=\"elementor-heading-title elementor-size-default\">Haselstein und Umgebung<\/h2>\t\t<\/div>\n\t\t\t\t<\/div>\n\t\t\t\t\t\t<\/div>\n\t\t\t\t\t<\/div>\n\t\t<\/div>\n\t\t\t\t<div class=\"elementor-column elementor-col-50 elementor-inner-column elementor-element elementor-element-18cc94c\" data-id=\"18cc94c\" data-element_type=\"column\">\n\t\t\t<div class=\"elementor-column-wrap\">\n\t\t\t\t\t\t\t<div class=\"elementor-widget-wrap\">\n\t\t\t\t\t\t\t\t<\/div>\n\t\t\t\t\t<\/div>\n\t\t<\/div>\n\t\t\t\t\t\t\t\t<\/div>\n\t\t\t\t\t<\/div>\n\t\t<\/section>\n\t\t\t\t<section class=\"elementor-section elementor-inner-section elementor-element elementor-element-b93c83b elementor-section-full_width elementor-section-height-default elementor-section-height-default\" data-id=\"b93c83b\" data-element_type=\"section\">\n\t\t\t\t\t\t\t<div class=\"elementor-background-overlay\"><\/div>\n\t\t\t\t\t\t\t<div class=\"elementor-container elementor-column-gap-default\">\n\t\t\t\t\t\t\t<div class=\"elementor-row\">\n\t\t\t\t\t<div class=\"elementor-column elementor-col-50 elementor-inner-column elementor-element elementor-element-8f36e5c\" data-id=\"8f36e5c\" data-element_type=\"column\">\n\t\t\t<div class=\"elementor-column-wrap elementor-element-populated\">\n\t\t\t\t\t\t\t<div class=\"elementor-widget-wrap\">\n\t\t\t\t\t\t<div class=\"elementor-element elementor-element-b53e985 elementor-widget elementor-widget-image\" data-id=\"b53e985\" data-element_type=\"widget\" data-widget_type=\"image.default\">\n\t\t\t\t<div class=\"elementor-widget-container\">\n\t\t\t\t\t<div class=\"elementor-image\">\n\t\t\t\t\t\t\t\t\t\t\t<a href=\"https:\/\/www.haselstein.com\" target=\"_blank\">\n\t\t\t\t\t\t\t<img width=\"230\" height=\"250\" src=\"http:\/\/www.cafe-rosenbach.de\/wp-content\/uploads\/2020\/04\/cropped-cropped-haselstein_logo.png\" class=\"attachment-full size-full\" alt=\"\" loading=\"lazy\" \/>\t\t\t\t\t\t\t\t<\/a>\n\t\t\t\t\t\t\t\t\t\t\t<\/div>\n\t\t\t\t<\/div>\n\t\t\t\t<\/div>\n\t\t\t\t\t\t<\/div>\n\t\t\t\t\t<\/div>\n\t\t<\/div>\n\t\t\t\t<div class=\"elementor-column elementor-col-50 elementor-inner-column elementor-element elementor-element-f251478\" data-id=\"f251478\" data-element_type=\"column\">\n\t\t\t<div class=\"elementor-column-wrap elementor-element-populated\">\n\t\t\t\t\t\t\t<div class=\"elementor-widget-wrap\">\n\t\t\t\t\t\t<div class=\"elementor-element elementor-element-70fec7e elementor-widget elementor-widget-text-editor\" data-id=\"70fec7e\" data-element_type=\"widget\" data-widget_type=\"text-editor.default\">\n\t\t\t\t<div class=\"elementor-widget-container\">\n\t\t\t\t\t<div class=\"elementor-text-editor elementor-clearfix\"><p>Haselstein mit seinen ~ 400 Einwohnern liegt im Norden der Rh\u00f6n und unweit der Stadt H\u00fcnfeld. Der idyllische Ort liegt zu F\u00fc\u00dfen des gleichnamigen Bergs mit einer Burgruine aus dem 11. Jahrhundert. Neben der Burgruine ist besonders die Barockkirche und das Schloss Haselstein sehenswert. Mehr \u00fcber Haselstein erfahren Sie auf den Seiten des <strong><a href=\"https:\/\/www.haselstein.com\" target=\"_blank\" rel=\"noopener\">Heimat-,Kultur und Geschichtsvereins Haselstein<\/a><\/strong>.<\/p><p><span style=\"font-size: 16px;\">Die malerische Landschaft mit ausgedehnten Laub- und Mischw\u00e4ldern l\u00e4dt zum Wandern oder Radfahren ein. Folgen Sie doch mal den &#8222;<\/span><strong><a style=\"font-size: 16px;\" href=\"https:\/\/www.haselstein.com\/haselsteiner-geschichtsweg\/\" target=\"_blank\" rel=\"noopener\">Haselsteiner Geschichtsweg<\/a><\/strong><span style=\"font-size: 16px;\">&#8220; und erfahren mehr \u00fcber Haselstein und sein Sehensw\u00fcrdigkeiten.<\/span><\/p><\/div>\n\t\t\t\t<\/div>\n\t\t\t\t<\/div>\n\t\t\t\t\t\t<\/div>\n\t\t\t\t\t<\/div>\n\t\t<\/div>\n\t\t\t\t\t\t\t\t<\/div>\n\t\t\t\t\t<\/div>\n\t\t<\/section>\n\t\t\t\t<section class=\"elementor-section elementor-inner-section elementor-element elementor-element-5355c63 elementor-section-full_width elementor-section-height-default elementor-section-height-default\" data-id=\"5355c63\" data-element_type=\"section\">\n\t\t\t\t\t\t\t<div class=\"elementor-background-overlay\"><\/div>\n\t\t\t\t\t\t\t<div class=\"elementor-container elementor-column-gap-default\">\n\t\t\t\t\t\t\t<div class=\"elementor-row\">\n\t\t\t\t\t<div class=\"elementor-column elementor-col-100 elementor-inner-column elementor-element elementor-element-7be1e49\" data-id=\"7be1e49\" data-element_type=\"column\">\n\t\t\t<div class=\"elementor-column-wrap elementor-element-populated\">\n\t\t\t\t\t\t\t<div class=\"elementor-widget-wrap\">\n\t\t\t\t\t\t<div class=\"elementor-element elementor-element-291f246 gallery-spacing-custom elementor-widget elementor-widget-image-gallery\" data-id=\"291f246\" data-element_type=\"widget\" data-widget_type=\"image-gallery.default\">\n\t\t\t\t<div class=\"elementor-widget-container\">\n\t\t\t\t\t<div class=\"elementor-image-gallery\">\n\t\t\t<div id='gallery-1' class='gallery galleryid-11 gallery-columns-8 gallery-size-thumbnail'><figure class='gallery-item'>\n\t\t\t<div class='gallery-icon landscape'>\n\t\t\t\t<a data-elementor-open-lightbox=\"yes\" data-elementor-lightbox-slideshow=\"291f246\" data-elementor-lightbox-title=\"Schlossberg Haselstein\" href='http:\/\/www.cafe-rosenbach.de\/wp-content\/uploads\/2020\/04\/Berg.jpg'><img width=\"150\" height=\"150\" src=\"http:\/\/www.cafe-rosenbach.de\/wp-content\/uploads\/2020\/04\/Berg-150x150.jpg\" class=\"attachment-thumbnail size-thumbnail\" alt=\"\" loading=\"lazy\" \/><\/a>\n\t\t\t<\/div><\/figure><figure class='gallery-item'>\n\t\t\t<div class='gallery-icon portrait'>\n\t\t\t\t<a data-elementor-open-lightbox=\"yes\" data-elementor-lightbox-slideshow=\"291f246\" data-elementor-lightbox-title=\"Gipfelkreuz am Schlossberg\" href='http:\/\/www.cafe-rosenbach.de\/wp-content\/uploads\/2020\/04\/20150815_153911.jpg'><img width=\"150\" height=\"150\" src=\"http:\/\/www.cafe-rosenbach.de\/wp-content\/uploads\/2020\/04\/20150815_153911-150x150.jpg\" class=\"attachment-thumbnail size-thumbnail\" alt=\"\" loading=\"lazy\" \/><\/a>\n\t\t\t<\/div><\/figure><figure class='gallery-item'>\n\t\t\t<div class='gallery-icon landscape'>\n\t\t\t\t<a data-elementor-open-lightbox=\"yes\" data-elementor-lightbox-slideshow=\"291f246\" data-elementor-lightbox-title=\"Ruhebank mit Ausblick\" href='http:\/\/www.cafe-rosenbach.de\/wp-content\/uploads\/2020\/04\/20150815_153215.jpg'><img width=\"150\" height=\"150\" src=\"http:\/\/www.cafe-rosenbach.de\/wp-content\/uploads\/2020\/04\/20150815_153215-150x150.jpg\" class=\"attachment-thumbnail size-thumbnail\" alt=\"\" loading=\"lazy\" \/><\/a>\n\t\t\t<\/div><\/figure><figure class='gallery-item'>\n\t\t\t<div class='gallery-icon landscape'>\n\t\t\t\t<a data-elementor-open-lightbox=\"yes\" data-elementor-lightbox-slideshow=\"291f246\" data-elementor-lightbox-title=\"Wappen in der Kirche\" href='http:\/\/www.cafe-rosenbach.de\/wp-content\/uploads\/2020\/04\/Kirche.jpg'><img width=\"150\" height=\"150\" src=\"http:\/\/www.cafe-rosenbach.de\/wp-content\/uploads\/2020\/04\/Kirche-150x150.jpg\" class=\"attachment-thumbnail size-thumbnail\" alt=\"\" loading=\"lazy\" \/><\/a>\n\t\t\t<\/div><\/figure><figure class='gallery-item'>\n\t\t\t<div class='gallery-icon landscape'>\n\t\t\t\t<a data-elementor-open-lightbox=\"yes\" data-elementor-lightbox-slideshow=\"291f246\" data-elementor-lightbox-title=\"Mariengrotte\" href='http:\/\/www.cafe-rosenbach.de\/wp-content\/uploads\/2020\/04\/Grotte.jpg'><img width=\"150\" height=\"150\" src=\"http:\/\/www.cafe-rosenbach.de\/wp-content\/uploads\/2020\/04\/Grotte-150x150.jpg\" class=\"attachment-thumbnail size-thumbnail\" alt=\"\" loading=\"lazy\" \/><\/a>\n\t\t\t<\/div><\/figure><figure class='gallery-item'>\n\t\t\t<div class='gallery-icon landscape'>\n\t\t\t\t<a data-elementor-open-lightbox=\"yes\" data-elementor-lightbox-slideshow=\"291f246\" data-elementor-lightbox-title=\"Garten Cafe Rosenbach\" href='http:\/\/www.cafe-rosenbach.de\/wp-content\/uploads\/2020\/04\/Aussen_0008.jpg'><img width=\"150\" height=\"150\" src=\"http:\/\/www.cafe-rosenbach.de\/wp-content\/uploads\/2020\/04\/Aussen_0008-150x150.jpg\" class=\"attachment-thumbnail size-thumbnail\" alt=\"\" loading=\"lazy\" \/><\/a>\n\t\t\t<\/div><\/figure>\n\t\t<\/div>\n\t\t<\/div>\n\t\t\t\t<\/div>\n\t\t\t\t<\/div>\n\t\t\t\t\t\t<\/div>\n\t\t\t\t\t<\/div>\n\t\t<\/div>\n\t\t\t\t\t\t\t\t<\/div>\n\t\t\t\t\t<\/div>\n\t\t<\/section>\n\t\t\t\t<section class=\"elementor-section elementor-inner-section elementor-element elementor-element-906dba1 elementor-section-full_width elementor-section-height-default elementor-section-height-default\" data-id=\"906dba1\" data-element_type=\"section\">\n\t\t\t\t\t\t\t<div class=\"elementor-background-overlay\"><\/div>\n\t\t\t\t\t\t\t<div class=\"elementor-container elementor-column-gap-default\">\n\t\t\t\t\t\t\t<div class=\"elementor-row\">\n\t\t\t\t\t<div class=\"elementor-column elementor-col-50 elementor-inner-column elementor-element elementor-element-bebe7ba\" data-id=\"bebe7ba\" data-element_type=\"column\">\n\t\t\t<div class=\"elementor-column-wrap elementor-element-populated\">\n\t\t\t\t\t\t\t<div class=\"elementor-widget-wrap\">\n\t\t\t\t\t\t<div class=\"elementor-element elementor-element-034c16c elementor-widget elementor-widget-image\" data-id=\"034c16c\" data-element_type=\"widget\" data-widget_type=\"image.default\">\n\t\t\t\t<div class=\"elementor-widget-container\">\n\t\t\t\t\t<div class=\"elementor-image\">\n\t\t\t\t\t\t\t\t\t\t\t<a href=\"https:\/\/www.hessischeskegelspiel.de\" target=\"_blank\">\n\t\t\t\t\t\t\t<img width=\"140\" height=\"69\" src=\"http:\/\/www.cafe-rosenbach.de\/wp-content\/uploads\/2020\/04\/hess_kegelspiel.jpg\" class=\"attachment-thumbnail size-thumbnail\" alt=\"\" loading=\"lazy\" \/>\t\t\t\t\t\t\t\t<\/a>\n\t\t\t\t\t\t\t\t\t\t\t<\/div>\n\t\t\t\t<\/div>\n\t\t\t\t<\/div>\n\t\t\t\t\t\t<\/div>\n\t\t\t\t\t<\/div>\n\t\t<\/div>\n\t\t\t\t<div class=\"elementor-column elementor-col-50 elementor-inner-column elementor-element elementor-element-80cef20\" data-id=\"80cef20\" data-element_type=\"column\">\n\t\t\t<div class=\"elementor-column-wrap elementor-element-populated\">\n\t\t\t\t\t\t\t<div class=\"elementor-widget-wrap\">\n\t\t\t\t\t\t<div class=\"elementor-element elementor-element-de2de97 elementor-widget elementor-widget-text-editor\" data-id=\"de2de97\" data-element_type=\"widget\" data-widget_type=\"text-editor.default\">\n\t\t\t\t<div class=\"elementor-widget-container\">\n\t\t\t\t\t<div class=\"elementor-text-editor elementor-clearfix\"><p>Ausgewiesene Wanderwege f\u00fchren Sie u.a. zum Ulmenstein, einem kleinen Basaltsee, oder zum Stallberg, einem von neun wie Kegel aufragende Berge des &#8222;<strong><a href=\"https:\/\/www.hessischeskegelspiel.de\" target=\"_blank\" rel=\"noopener\">Hessischen Kegelspiels<\/a><\/strong>&#8222;.<\/p><p>F\u00fcr die Namen der Berge gibt es \u00fcbrigens einen kleinen Merksatz f\u00fcr heimische Kinder:<\/p><p style=\"text-align: center;\"><strong>Siehst (Soisberg) du wie das kleine (Kleinberg) Wiesel (Wisselsberg) auf seinem lichten (Lichtberg) R\u00fccken (R\u00fcckersberg) den Apfel (Appelsberg) \u00fcbers Moor (Morsberg) und den H\u00fcbel (H\u00fcbelsberg) in den Stall (Stallberg) bringt.<\/strong><\/p><p>\u00a0<\/p><\/div>\n\t\t\t\t<\/div>\n\t\t\t\t<\/div>\n\t\t\t\t\t\t<\/div>\n\t\t\t\t\t<\/div>\n\t\t<\/div>\n\t\t\t\t\t\t\t\t<\/div>\n\t\t\t\t\t<\/div>\n\t\t<\/section>\n\t\t\t\t<section class=\"elementor-section elementor-inner-section elementor-element elementor-element-779838b elementor-section-full_width elementor-section-height-default elementor-section-height-default\" data-id=\"779838b\" data-element_type=\"section\">\n\t\t\t\t\t\t\t<div class=\"elementor-background-overlay\"><\/div>\n\t\t\t\t\t\t\t<div class=\"elementor-container elementor-column-gap-default\">\n\t\t\t\t\t\t\t<div class=\"elementor-row\">\n\t\t\t\t\t<div class=\"elementor-column elementor-col-50 elementor-inner-column elementor-element elementor-element-70f7e84\" data-id=\"70f7e84\" data-element_type=\"column\">\n\t\t\t<div class=\"elementor-column-wrap\">\n\t\t\t\t\t\t\t<div class=\"elementor-widget-wrap\">\n\t\t\t\t\t\t\t\t<\/div>\n\t\t\t\t\t<\/div>\n\t\t<\/div>\n\t\t\t\t<div class=\"elementor-column elementor-col-50 elementor-inner-column elementor-element elementor-element-866ece1\" data-id=\"866ece1\" data-element_type=\"column\">\n\t\t\t<div class=\"elementor-column-wrap elementor-element-populated\">\n\t\t\t\t\t\t\t<div class=\"elementor-widget-wrap\">\n\t\t\t\t\t\t<div class=\"elementor-element elementor-element-f354191 elementor-widget elementor-widget-text-editor\" data-id=\"f354191\" data-element_type=\"widget\" data-widget_type=\"text-editor.default\">\n\t\t\t\t<div class=\"elementor-widget-container\">\n\t\t\t\t\t<div class=\"elementor-text-editor elementor-clearfix\"><p>Lohnenswert ist auch eine Wanderung zur <a href=\"https:\/\/pointalpha.com\"><strong>Mahn- und Gedenkst\u00e4tte Point Alpha<\/strong><\/a>. Dort k\u00f6nnen Sie die j\u00fcngeren Deutsch-Deutschen Geschichte hautnah erleben.<\/p><\/div>\n\t\t\t\t<\/div>\n\t\t\t\t<\/div>\n\t\t\t\t\t\t<\/div>\n\t\t\t\t\t<\/div>\n\t\t<\/div>\n\t\t\t\t\t\t\t\t<\/div>\n\t\t\t\t\t<\/div>\n\t\t<\/section>\n\t\t\t\t<section class=\"elementor-section elementor-inner-section elementor-element elementor-element-69bf32e elementor-section-full_width elementor-section-height-default elementor-section-height-default\" data-id=\"69bf32e\" data-element_type=\"section\">\n\t\t\t\t\t\t\t<div class=\"elementor-background-overlay\"><\/div>\n\t\t\t\t\t\t\t<div class=\"elementor-container elementor-column-gap-default\">\n\t\t\t\t\t\t\t<div class=\"elementor-row\">\n\t\t\t\t\t<div class=\"elementor-column elementor-col-100 elementor-inner-column elementor-element elementor-element-7c8619f\" data-id=\"7c8619f\" data-element_type=\"column\">\n\t\t\t<div class=\"elementor-column-wrap elementor-element-populated\">\n\t\t\t\t\t\t\t<div class=\"elementor-widget-wrap\">\n\t\t\t\t\t\t<div class=\"elementor-element elementor-element-c1d01ba elementor-widget elementor-widget-heading\" data-id=\"c1d01ba\" data-element_type=\"widget\" data-widget_type=\"heading.default\">\n\t\t\t\t<div class=\"elementor-widget-container\">\n\t\t\t<h2 class=\"elementor-heading-title elementor-size-default\">Kurz gesagt: Haselstein ist der ideale Ort um vom Trubel des Alltags abzuschalten.<\/h2>\t\t<\/div>\n\t\t\t\t<\/div>\n\t\t\t\t\t\t<\/div>\n\t\t\t\t\t<\/div>\n\t\t<\/div>\n\t\t\t\t\t\t\t\t<\/div>\n\t\t\t\t\t<\/div>\n\t\t<\/section>\n\t\t\t\t\t\t<\/div>\n\t\t\t\t\t<\/div>\n\t\t<\/div>\n\t\t\t\t\t\t\t\t<\/div>\n\t\t\t\t\t<\/div>\n\t\t<\/section>\n\t\t\t\t\t\t<\/div>\n\t\t\t\t\t\t<\/div>\n\t\t\t\t\t<\/div>\n\t\t","protected":false},"excerpt":{"rendered":"<p>Haselstein und Umgebung Haselstein mit seinen ~ 400 Einwohnern liegt im Norden der Rh\u00f6n und unweit der Stadt H\u00fcnfeld. Der idyllische Ort liegt zu F\u00fc\u00dfen des gleichnamigen Bergs mit einer Burgruine aus dem 11. Jahrhundert. Neben der Burgruine ist besonders die Barockkirche und das Schloss Haselstein sehenswert. Mehr \u00fcber Haselstein erfahren Sie auf den Seiten [&hellip;]<\/p>\n","protected":false},"author":1,"featured_media":0,"parent":0,"menu_order":0,"comment_status":"closed","ping_status":"closed","template":"elementor_header_footer","meta":[],"_links":{"self":[{"href":"http:\/\/www.cafe-rosenbach.de\/index.php?rest_route=\/wp\/v2\/pages\/11"}],"collection":[{"href":"http:\/\/www.cafe-rosenbach.de\/index.php?rest_route=\/wp\/v2\/pages"}],"about":[{"href":"http:\/\/www.cafe-rosenbach.de\/index.php?rest_route=\/wp\/v2\/types\/page"}],"author":[{"embeddable":true,"href":"http:\/\/www.cafe-rosenbach.de\/index.php?rest_route=\/wp\/v2\/users\/1"}],"replies":[{"embeddable":true,"href":"http:\/\/www.cafe-rosenbach.de\/index.php?rest_route=%2Fwp%2Fv2%2Fcomments&post=11"}],"version-history":[{"count":63,"href":"http:\/\/www.cafe-rosenbach.de\/index.php?rest_route=\/wp\/v2\/pages\/11\/revisions"}],"predecessor-version":[{"id":1379,"href":"http:\/\/www.cafe-rosenbach.de\/index.php?rest_route=\/wp\/v2\/pages\/11\/revisions\/1379"}],"wp:attachment":[{"href":"http:\/\/www.cafe-rosenbach.de\/index.php?rest_route=%2Fwp%2Fv2%2Fmedia&parent=11"}],"curies":[{"name":"wp","href":"https:\/\/api.w.org\/{rel}","templated":true}]}}