{"id":699,"date":"2020-04-18T16:12:44","date_gmt":"2020-04-18T14:12:44","guid":{"rendered":"http:\/\/erstertest.cafe-rosenbach.de\/?page_id=699"},"modified":"2020-05-16T08:30:12","modified_gmt":"2020-05-16T06:30:12","slug":"anfahrt-2","status":"publish","type":"page","link":"http:\/\/www.cafe-rosenbach.de\/?page_id=699","title":{"rendered":"Kontakt"},"content":{"rendered":"\t\t<div data-elementor-type=\"wp-page\" data-elementor-id=\"699\" class=\"elementor elementor-699\" data-elementor-settings=\"[]\">\n\t\t\t\t\t\t<div class=\"elementor-inner\">\n\t\t\t\t\t\t\t<div class=\"elementor-section-wrap\">\n\t\t\t\t\t\t\t<section class=\"elementor-section elementor-top-section elementor-element elementor-element-ec79c48 elementor-section-boxed elementor-section-height-default elementor-section-height-default\" data-id=\"ec79c48\" data-element_type=\"section\" data-settings=\"{&quot;background_background&quot;:&quot;classic&quot;}\">\n\t\t\t\t\t\t<div class=\"elementor-container elementor-column-gap-default\">\n\t\t\t\t\t\t\t<div class=\"elementor-row\">\n\t\t\t\t\t<div class=\"elementor-column elementor-col-50 elementor-top-column elementor-element elementor-element-f709146\" data-id=\"f709146\" data-element_type=\"column\">\n\t\t\t<div class=\"elementor-column-wrap elementor-element-populated\">\n\t\t\t\t\t\t\t<div class=\"elementor-widget-wrap\">\n\t\t\t\t\t\t<div class=\"elementor-element elementor-element-ed2fda1 elementor-widget elementor-widget-heading\" data-id=\"ed2fda1\" data-element_type=\"widget\" data-widget_type=\"heading.default\">\n\t\t\t\t<div class=\"elementor-widget-container\">\n\t\t\t<h2 class=\"elementor-heading-title elementor-size-default\">Kontakt:<\/h2>\t\t<\/div>\n\t\t\t\t<\/div>\n\t\t\t\t<div class=\"elementor-element elementor-element-6125f43 elementor-widget elementor-widget-text-editor\" data-id=\"6125f43\" data-element_type=\"widget\" data-widget_type=\"text-editor.default\">\n\t\t\t\t<div class=\"elementor-widget-container\">\n\t\t\t\t\t<div class=\"elementor-text-editor elementor-clearfix\"><p><b>Caf\u00e9 am Rosenbach<\/b><\/p><p><strong>Elisabeth und Matthias Dehler<\/strong><br \/><strong>St. Mauritius-Str. 1<\/strong><br \/><strong>36167 N\u00fcsttal &#8211; Haselstein<\/strong><\/p><\/div>\n\t\t\t\t<\/div>\n\t\t\t\t<\/div>\n\t\t\t\t<div class=\"elementor-element elementor-element-f4f36ac elementor-widget elementor-widget-text-editor\" data-id=\"f4f36ac\" data-element_type=\"widget\" data-widget_type=\"text-editor.default\">\n\t\t\t\t<div class=\"elementor-widget-container\">\n\t\t\t\t\t<div class=\"elementor-text-editor elementor-clearfix\"><p><a href=\"tel:066526607\"><strong>Telefon: (0 66 52) 66 07<\/strong><\/a><br \/><strong>Telefax: (0 66 52) 79 45 34<\/strong><\/p><p><a href=\"mailto: &quot;info@cafe-rosenbach.de&quot;\"><strong>E-Mail: info@cafe-rosenbach.de<\/strong><\/a><br \/><a href=\"http:\/\/www.cafe-rosenbach.de\"><strong>Internet: www.cafe-rosenbach.de<\/strong><\/a><\/p><div>\u00a0<\/div><\/div>\n\t\t\t\t<\/div>\n\t\t\t\t<\/div>\n\t\t\t\t\t\t<\/div>\n\t\t\t\t\t<\/div>\n\t\t<\/div>\n\t\t\t\t<div class=\"elementor-column elementor-col-50 elementor-top-column elementor-element elementor-element-73ceeca\" data-id=\"73ceeca\" data-element_type=\"column\">\n\t\t\t<div class=\"elementor-column-wrap elementor-element-populated\">\n\t\t\t\t\t\t\t<div class=\"elementor-widget-wrap\">\n\t\t\t\t\t\t<div class=\"elementor-element elementor-element-52a0458 elementor-widget elementor-widget-image\" data-id=\"52a0458\" data-element_type=\"widget\" data-widget_type=\"image.default\">\n\t\t\t\t<div class=\"elementor-widget-container\">\n\t\t\t\t\t<div class=\"elementor-image\">\n\t\t\t\t\t\t\t\t\t\t<img width=\"740\" height=\"407\" src=\"http:\/\/www.cafe-rosenbach.de\/wp-content\/uploads\/2020\/04\/Titelbild.jpg\" class=\"attachment-full size-full\" alt=\"\" loading=\"lazy\" srcset=\"http:\/\/www.cafe-rosenbach.de\/wp-content\/uploads\/2020\/04\/Titelbild.jpg 740w, http:\/\/www.cafe-rosenbach.de\/wp-content\/uploads\/2020\/04\/Titelbild-300x165.jpg 300w\" sizes=\"(max-width: 740px) 100vw, 740px\" \/>\t\t\t\t\t\t\t\t\t\t\t<\/div>\n\t\t\t\t<\/div>\n\t\t\t\t<\/div>\n\t\t\t\t\t\t<\/div>\n\t\t\t\t\t<\/div>\n\t\t<\/div>\n\t\t\t\t\t\t\t\t<\/div>\n\t\t\t\t\t<\/div>\n\t\t<\/section>\n\t\t\t\t<section class=\"elementor-section elementor-top-section elementor-element elementor-element-d3a4456 elementor-section-boxed elementor-section-height-default elementor-section-height-default\" data-id=\"d3a4456\" data-element_type=\"section\" data-settings=\"{&quot;background_background&quot;:&quot;classic&quot;}\">\n\t\t\t\t\t\t\t<div class=\"elementor-background-overlay\"><\/div>\n\t\t\t\t\t\t\t<div class=\"elementor-container elementor-column-gap-default\">\n\t\t\t\t\t\t\t<div class=\"elementor-row\">\n\t\t\t\t\t<div class=\"elementor-column elementor-col-50 elementor-top-column elementor-element elementor-element-cd740c8\" data-id=\"cd740c8\" data-element_type=\"column\" data-settings=\"{&quot;background_background&quot;:&quot;classic&quot;}\">\n\t\t\t<div class=\"elementor-column-wrap elementor-element-populated\">\n\t\t\t\t\t\t\t<div class=\"elementor-widget-wrap\">\n\t\t\t\t\t\t<div class=\"elementor-element elementor-element-8cb4d2b elementor-widget elementor-widget-heading\" data-id=\"8cb4d2b\" data-element_type=\"widget\" data-widget_type=\"heading.default\">\n\t\t\t\t<div class=\"elementor-widget-container\">\n\t\t\t<h2 class=\"elementor-heading-title elementor-size-default\">Anfahrt:<\/h2>\t\t<\/div>\n\t\t\t\t<\/div>\n\t\t\t\t<div class=\"elementor-element elementor-element-0834c2c elementor-widget elementor-widget-image\" data-id=\"0834c2c\" data-element_type=\"widget\" data-widget_type=\"image.default\">\n\t\t\t\t<div class=\"elementor-widget-container\">\n\t\t\t\t\t<div class=\"elementor-image\">\n\t\t\t\t\t\t\t\t\t\t<img width=\"605\" height=\"425\" src=\"http:\/\/www.cafe-rosenbach.de\/wp-content\/uploads\/2020\/04\/Anfahrt.png\" class=\"attachment-medium_large size-medium_large\" alt=\"\" loading=\"lazy\" srcset=\"http:\/\/www.cafe-rosenbach.de\/wp-content\/uploads\/2020\/04\/Anfahrt.png 605w, http:\/\/www.cafe-rosenbach.de\/wp-content\/uploads\/2020\/04\/Anfahrt-300x211.png 300w\" sizes=\"(max-width: 605px) 100vw, 605px\" \/>\t\t\t\t\t\t\t\t\t\t\t<\/div>\n\t\t\t\t<\/div>\n\t\t\t\t<\/div>\n\t\t\t\t\t\t<\/div>\n\t\t\t\t\t<\/div>\n\t\t<\/div>\n\t\t\t\t<div class=\"elementor-column elementor-col-50 elementor-top-column elementor-element elementor-element-f8e989c\" data-id=\"f8e989c\" data-element_type=\"column\">\n\t\t\t<div class=\"elementor-column-wrap elementor-element-populated\">\n\t\t\t\t\t\t\t<div class=\"elementor-widget-wrap\">\n\t\t\t\t\t\t<div class=\"elementor-element elementor-element-f7649b4 elementor-widget elementor-widget-text-editor\" data-id=\"f7649b4\" data-element_type=\"widget\" data-widget_type=\"text-editor.default\">\n\t\t\t\t<div class=\"elementor-widget-container\">\n\t\t\t\t\t<div class=\"elementor-text-editor elementor-clearfix\"><\/div>\n\t\t\t\t<\/div>\n\t\t\t\t<\/div>\n\t\t\t\t<div class=\"elementor-element elementor-element-2d35d57 elementor-widget elementor-widget-text-editor\" data-id=\"2d35d57\" data-element_type=\"widget\" data-widget_type=\"text-editor.default\">\n\t\t\t\t<div class=\"elementor-widget-container\">\n\t\t\t\t\t<div class=\"elementor-text-editor elementor-clearfix\"><p>Aus Richtung <strong>Bad Hersfeld oder Fulda<\/strong> kommend, finden Sie Haselstein auf halben Weg zwischen H\u00fcnfeld und Rasdorf nahe der Bundesstra\u00dfe 84.<\/p>\n<p>Von der <strong>BAB 7-Ausfahrt H\u00fcnfeld \/ Schlitz<\/strong> fahren Sie zun\u00e4chst bis nach H\u00fcnfeld. In H\u00fcnfeld biegen Sie rechts auf die Bundesstra\u00dfe 84 Richtung Rasdorf \/ Eisenach. Folgen Sie dem Verlauf der B 84 f\u00fcr ca. 8 Kilometer. Sie erreichen dann die Ausfahrt Morles \/ Haselstein. Von dort sind es nur noch 3 Kilometer bis Haselstein.<\/p>\n<p>Aus Richtung <strong>Eisenach \/ Vacha<\/strong> kommend folgen Sie der Bundesstra\u00dfe 84 Richtung H\u00fcnfeld \/ Fulda. Nach der Ortschaft Rasdorf, erreichen Sie nach ca. 5 Kilometern die Ausfahrt Morles \/ Haselstein. Biegen Sie hier links ab. Bis Haselstein sind es dann noch ca. 3 Kilometer.<\/p><\/div>\n\t\t\t\t<\/div>\n\t\t\t\t<\/div>\n\t\t\t\t\t\t<\/div>\n\t\t\t\t\t<\/div>\n\t\t<\/div>\n\t\t\t\t\t\t\t\t<\/div>\n\t\t\t\t\t<\/div>\n\t\t<\/section>\n\t\t\t\t<section class=\"elementor-section elementor-top-section elementor-element elementor-element-2ee3e61 elementor-section-boxed elementor-section-height-default elementor-section-height-default\" data-id=\"2ee3e61\" data-element_type=\"section\" data-settings=\"{&quot;background_background&quot;:&quot;classic&quot;}\">\n\t\t\t\t\t\t<div class=\"elementor-container elementor-column-gap-default\">\n\t\t\t\t\t\t\t<div class=\"elementor-row\">\n\t\t\t\t\t<div class=\"elementor-column elementor-col-100 elementor-top-column elementor-element elementor-element-9f7c42d\" data-id=\"9f7c42d\" data-element_type=\"column\">\n\t\t\t<div class=\"elementor-column-wrap elementor-element-populated\">\n\t\t\t\t\t\t\t<div class=\"elementor-widget-wrap\">\n\t\t\t\t\t\t<section class=\"elementor-section elementor-inner-section elementor-element elementor-element-3244b6d elementor-section-boxed elementor-section-height-default elementor-section-height-default\" data-id=\"3244b6d\" data-element_type=\"section\">\n\t\t\t\t\t\t<div class=\"elementor-container elementor-column-gap-default\">\n\t\t\t\t\t\t\t<div class=\"elementor-row\">\n\t\t\t\t\t<div class=\"elementor-column elementor-col-50 elementor-inner-column elementor-element elementor-element-7a51dd8\" data-id=\"7a51dd8\" data-element_type=\"column\">\n\t\t\t<div class=\"elementor-column-wrap elementor-element-populated\">\n\t\t\t\t\t\t\t<div class=\"elementor-widget-wrap\">\n\t\t\t\t\t\t<div class=\"elementor-element elementor-element-288bf8f elementor-widget elementor-widget-text-editor\" data-id=\"288bf8f\" data-element_type=\"widget\" data-widget_type=\"text-editor.default\">\n\t\t\t\t<div class=\"elementor-widget-container\">\n\t\t\t\t\t<div class=\"elementor-text-editor elementor-clearfix\"><span style=\"color: #511313;\">Oder nutzen Sie einfach den Routenplaner:<\/span><\/div>\n\t\t\t\t<\/div>\n\t\t\t\t<\/div>\n\t\t\t\t\t\t<\/div>\n\t\t\t\t\t<\/div>\n\t\t<\/div>\n\t\t\t\t<div class=\"elementor-column elementor-col-50 elementor-inner-column elementor-element elementor-element-8e86ed4\" data-id=\"8e86ed4\" data-element_type=\"column\">\n\t\t\t<div class=\"elementor-column-wrap elementor-element-populated\">\n\t\t\t\t\t\t\t<div class=\"elementor-widget-wrap\">\n\t\t\t\t\t\t<div class=\"elementor-element elementor-element-32ab780 elementor-align-left elementor-widget elementor-widget-button\" data-id=\"32ab780\" data-element_type=\"widget\" data-widget_type=\"button.default\">\n\t\t\t\t<div class=\"elementor-widget-container\">\n\t\t\t\t\t<div class=\"elementor-button-wrapper\">\n\t\t\t<a href=\"https:\/\/www.google.de\/maps\/dir\/\/St.-Mauritius-Stra%C3%9Fe+1,+36167+N%C3%BCsttal\/@50.6780571,9.8482107,16z\/data=!4m8!4m7!1m0!1m5!1m1!1s0x47a3460a8c5cd593:0xe31f15a22911d47d!2m2!1d9.8525881!2d50.6780572\" class=\"elementor-button-link elementor-button elementor-size-sm\" role=\"button\">\n\t\t\t\t\t\t<span class=\"elementor-button-content-wrapper\">\n\t\t\t\t\t\t<span class=\"elementor-button-text\">Routenplanung<\/span>\n\t\t<\/span>\n\t\t\t\t\t<\/a>\n\t\t<\/div>\n\t\t\t\t<\/div>\n\t\t\t\t<\/div>\n\t\t\t\t\t\t<\/div>\n\t\t\t\t\t<\/div>\n\t\t<\/div>\n\t\t\t\t\t\t\t\t<\/div>\n\t\t\t\t\t<\/div>\n\t\t<\/section>\n\t\t\t\t<section class=\"elementor-section elementor-inner-section elementor-element elementor-element-aaabcd5 elementor-section-boxed elementor-section-height-default elementor-section-height-default\" data-id=\"aaabcd5\" data-element_type=\"section\">\n\t\t\t\t\t\t<div class=\"elementor-container elementor-column-gap-default\">\n\t\t\t\t\t\t\t<div class=\"elementor-row\">\n\t\t\t\t\t<div class=\"elementor-column elementor-col-50 elementor-inner-column elementor-element elementor-element-b486af6\" data-id=\"b486af6\" data-element_type=\"column\">\n\t\t\t<div class=\"elementor-column-wrap elementor-element-populated\">\n\t\t\t\t\t\t\t<div class=\"elementor-widget-wrap\">\n\t\t\t\t\t\t<div class=\"elementor-element elementor-element-41d0a55 elementor-widget elementor-widget-text-editor\" data-id=\"41d0a55\" data-element_type=\"widget\" data-widget_type=\"text-editor.default\">\n\t\t\t\t<div class=\"elementor-widget-container\">\n\t\t\t\t\t<div class=\"elementor-text-editor elementor-clearfix\"><p>Wir freuen uns auf Sie&#8230;<\/p><\/div>\n\t\t\t\t<\/div>\n\t\t\t\t<\/div>\n\t\t\t\t\t\t<\/div>\n\t\t\t\t\t<\/div>\n\t\t<\/div>\n\t\t\t\t<div class=\"elementor-column elementor-col-50 elementor-inner-column elementor-element elementor-element-a9bdb5d\" data-id=\"a9bdb5d\" data-element_type=\"column\">\n\t\t\t<div class=\"elementor-column-wrap elementor-element-populated\">\n\t\t\t\t\t\t\t<div class=\"elementor-widget-wrap\">\n\t\t\t\t\t\t<div class=\"elementor-element elementor-element-1b9af0e elementor-widget elementor-widget-image\" data-id=\"1b9af0e\" data-element_type=\"widget\" data-widget_type=\"image.default\">\n\t\t\t\t<div class=\"elementor-widget-container\">\n\t\t\t\t\t<div class=\"elementor-image\">\n\t\t\t\t\t\t\t\t\t\t<img width=\"150\" height=\"150\" src=\"http:\/\/www.cafe-rosenbach.de\/wp-content\/uploads\/2020\/04\/Aussen_00003-150x150.jpg\" class=\"attachment-thumbnail size-thumbnail\" alt=\"\" loading=\"lazy\" \/>\t\t\t\t\t\t\t\t\t\t\t<\/div>\n\t\t\t\t<\/div>\n\t\t\t\t<\/div>\n\t\t\t\t\t\t<\/div>\n\t\t\t\t\t<\/div>\n\t\t<\/div>\n\t\t\t\t\t\t\t\t<\/div>\n\t\t\t\t\t<\/div>\n\t\t<\/section>\n\t\t\t\t\t\t<\/div>\n\t\t\t\t\t<\/div>\n\t\t<\/div>\n\t\t\t\t\t\t\t\t<\/div>\n\t\t\t\t\t<\/div>\n\t\t<\/section>\n\t\t\t\t\t\t<\/div>\n\t\t\t\t\t\t<\/div>\n\t\t\t\t\t<\/div>\n\t\t","protected":false},"excerpt":{"rendered":"<p>Kontakt: Caf\u00e9 am Rosenbach Elisabeth und Matthias Dehler St. Mauritius-Str. 1 36167 N\u00fcsttal &#8211; Haselstein Telefon: (0 66 52) 66 07 Telefax: (0 66 52) 79 45 34 E-Mail: info@cafe-rosenbach.de Internet: www.cafe-rosenbach.de Anfahrt: Aus Richtung Bad Hersfeld oder Fulda kommend, finden Sie Haselstein auf halben Weg zwischen H\u00fcnfeld und Rasdorf nahe der Bundesstra\u00dfe 84. Von [&hellip;]<\/p>\n","protected":false},"author":1,"featured_media":0,"parent":0,"menu_order":0,"comment_status":"closed","ping_status":"closed","template":"elementor_header_footer","meta":[],"_links":{"self":[{"href":"http:\/\/www.cafe-rosenbach.de\/index.php?rest_route=\/wp\/v2\/pages\/699"}],"collection":[{"href":"http:\/\/www.cafe-rosenbach.de\/index.php?rest_route=\/wp\/v2\/pages"}],"about":[{"href":"http:\/\/www.cafe-rosenbach.de\/index.php?rest_route=\/wp\/v2\/types\/page"}],"author":[{"embeddable":true,"href":"http:\/\/www.cafe-rosenbach.de\/index.php?rest_route=\/wp\/v2\/users\/1"}],"replies":[{"embeddable":true,"href":"http:\/\/www.cafe-rosenbach.de\/index.php?rest_route=%2Fwp%2Fv2%2Fcomments&post=699"}],"version-history":[{"count":24,"href":"http:\/\/www.cafe-rosenbach.de\/index.php?rest_route=\/wp\/v2\/pages\/699\/revisions"}],"predecessor-version":[{"id":1373,"href":"http:\/\/www.cafe-rosenbach.de\/index.php?rest_route=\/wp\/v2\/pages\/699\/revisions\/1373"}],"wp:attachment":[{"href":"http:\/\/www.cafe-rosenbach.de\/index.php?rest_route=%2Fwp%2Fv2%2Fmedia&parent=699"}],"curies":[{"name":"wp","href":"https:\/\/api.w.org\/{rel}","templated":true}]}}